{"id":812,"date":"2024-10-14T14:26:17","date_gmt":"2024-10-14T13:26:17","guid":{"rendered":"https:\/\/septiemelame.fr\/accueil\/?page_id=812"},"modified":"2025-09-11T06:46:22","modified_gmt":"2025-09-11T05:46:22","slug":"qui-sommes-nous","status":"publish","type":"page","link":"https:\/\/septiemelame.fr\/accueil\/","title":{"rendered":"Qui sommes-nous?"},"content":{"rendered":"\n<p>Septi\u00e8me Lame Films est une jeune soci\u00e9t\u00e9 de production cin\u00e9matographique bas\u00e9e \u00e0 Marseille. Elle se sp\u00e9cialise dans la production d\u00e9l\u00e9gu\u00e9e de fictions et de documentaires, aussi bien de longs m\u00e9trages que de formats plus courts. Septi\u00e8me Lame Films est n\u00e9e de la rencontre entre des cin\u00e9astes, des techniciens et une productrice, autour de projets de cin\u00e9ma et d&rsquo;une offre de service sp\u00e9cialis\u00e9e.<\/p>\n\n\n\n<p><strong>Productrice et pr\u00e9sidente de la SAS <\/strong>: Elise Tamisier<strong><br>Cin\u00e9astes et techniciens associ\u00e9s<\/strong> : Hugo Bousquet, Jonathan Le Fourn, Micka\u00ebl Roche, Ana\u00efs Ruales, Maxence Vassilyevitch<\/p>\n\n\n\n<div class=\"wp-block-buttons is-layout-flex wp-block-buttons-is-layout-flex\">\n<div class=\"wp-block-button is-style-primary\"><a class=\"wp-block-button__link wp-element-button\" href=\"https:\/\/septiemelame.fr\/accueil\/contact\">Contactez-nous ! <\/a><\/div>\n<\/div>\n","protected":false},"excerpt":{"rendered":"<p>Septi\u00e8me Lame Films est une jeune soci\u00e9t\u00e9 de production cin\u00e9matographique bas\u00e9e \u00e0 Marseille. Elle se sp\u00e9cialise dans la production d\u00e9l\u00e9gu\u00e9e de fictions et de documentaires, aussi bien de longs m\u00e9trages que de formats plus courts. Septi\u00e8me Lame Films est n\u00e9e de la rencontre entre des cin\u00e9astes, des techniciens et une productrice, autour de projets de [&hellip;]<\/p>\n","protected":false},"author":1,"featured_media":0,"parent":0,"menu_order":0,"comment_status":"closed","ping_status":"closed","template":"","meta":{"_themeisle_gutenberg_block_has_review":false,"footnotes":""},"class_list":["post-812","page","type-page","status-publish","hentry","missing-thumbnail"],"_links":{"self":[{"href":"https:\/\/septiemelame.fr\/accueil\/wp-json\/wp\/v2\/pages\/812","targetHints":{"allow":["GET"]}}],"collection":[{"href":"https:\/\/septiemelame.fr\/accueil\/wp-json\/wp\/v2\/pages"}],"about":[{"href":"https:\/\/septiemelame.fr\/accueil\/wp-json\/wp\/v2\/types\/page"}],"author":[{"embeddable":true,"href":"https:\/\/septiemelame.fr\/accueil\/wp-json\/wp\/v2\/users\/1"}],"replies":[{"embeddable":true,"href":"https:\/\/septiemelame.fr\/accueil\/wp-json\/wp\/v2\/comments?post=812"}],"version-history":[{"count":4,"href":"https:\/\/septiemelame.fr\/accueil\/wp-json\/wp\/v2\/pages\/812\/revisions"}],"predecessor-version":[{"id":3025,"href":"https:\/\/septiemelame.fr\/accueil\/wp-json\/wp\/v2\/pages\/812\/revisions\/3025"}],"wp:attachment":[{"href":"https:\/\/septiemelame.fr\/accueil\/wp-json\/wp\/v2\/media?parent=812"}],"curies":[{"name":"wp","href":"https:\/\/api.w.org\/{rel}","templated":true}]}}