{"id":23,"date":"2023-10-31T18:53:00","date_gmt":"2023-10-31T18:53:00","guid":{"rendered":"http:\/\/septiemelame.fr\/accueil\/?page_id=23"},"modified":"2023-11-14T12:27:13","modified_gmt":"2023-11-14T12:27:13","slug":"services","status":"publish","type":"page","link":"https:\/\/septiemelame.fr\/accueil\/services","title":{"rendered":"Services"},"content":{"rendered":"\n<p>Nous proposons des services de production ex\u00e9cutive \u00e0 Marseille, sp\u00e9cialis\u00e9s dans : <\/p>\n\n\n\n<ul class=\"wp-block-list\">\n<li>Le son, comme la captation de concerts, la r\u00e9alisation de teasers, les enregistrements musicaux pour formation de 4 musiciens, le mixage de contenus audiovisuels<\/li>\n\n\n\n<li>Les projets cin\u00e9ma ayant un lien avec la jeunesse et le syst\u00e8me \u00e9ducatif (ateliers de jeu \u00e0 la cam\u00e9ra, ateliers de sensibilisation \u00e0 la mise en sc\u00e8ne)<\/li>\n\n\n\n<li>La conception et la r\u00e9daction de textes ou de contenus sur le cin\u00e9ma \u00e0 vocation p\u00e9dagogique<\/li>\n<\/ul>\n\n\n\n<p><a href=\"http:\/\/septiemelame.fr\/accueil\/demande-de-devis\" data-type=\"page\" data-id=\"151\">Faites-nous part de vos besoins, nous vous contacterons tr\u00e8s rapidement !<\/a><\/p>\n","protected":false},"excerpt":{"rendered":"<p>Nous proposons des services de production ex\u00e9cutive \u00e0 Marseille, sp\u00e9cialis\u00e9s dans : Faites-nous part de vos besoins, nous vous contacterons tr\u00e8s rapidement !<\/p>\n","protected":false},"author":1,"featured_media":0,"parent":0,"menu_order":0,"comment_status":"closed","ping_status":"closed","template":"","meta":{"_themeisle_gutenberg_block_has_review":false,"footnotes":""},"class_list":["post-23","page","type-page","status-publish","hentry","missing-thumbnail"],"_links":{"self":[{"href":"https:\/\/septiemelame.fr\/accueil\/wp-json\/wp\/v2\/pages\/23","targetHints":{"allow":["GET"]}}],"collection":[{"href":"https:\/\/septiemelame.fr\/accueil\/wp-json\/wp\/v2\/pages"}],"about":[{"href":"https:\/\/septiemelame.fr\/accueil\/wp-json\/wp\/v2\/types\/page"}],"author":[{"embeddable":true,"href":"https:\/\/septiemelame.fr\/accueil\/wp-json\/wp\/v2\/users\/1"}],"replies":[{"embeddable":true,"href":"https:\/\/septiemelame.fr\/accueil\/wp-json\/wp\/v2\/comments?post=23"}],"version-history":[{"count":14,"href":"https:\/\/septiemelame.fr\/accueil\/wp-json\/wp\/v2\/pages\/23\/revisions"}],"predecessor-version":[{"id":165,"href":"https:\/\/septiemelame.fr\/accueil\/wp-json\/wp\/v2\/pages\/23\/revisions\/165"}],"wp:attachment":[{"href":"https:\/\/septiemelame.fr\/accueil\/wp-json\/wp\/v2\/media?parent=23"}],"curies":[{"name":"wp","href":"https:\/\/api.w.org\/{rel}","templated":true}]}}