{"id":126,"date":"2023-11-03T07:21:57","date_gmt":"2023-11-03T07:21:57","guid":{"rendered":"http:\/\/septiemelame.fr\/accueil\/?page_id=126"},"modified":"2024-10-14T18:03:00","modified_gmt":"2024-10-14T17:03:00","slug":"mentions-legales","status":"publish","type":"page","link":"https:\/\/septiemelame.fr\/accueil\/mentions-legales","title":{"rendered":"Mentions l\u00e9gales"},"content":{"rendered":"\n<p>Conform\u00e9ment aux dispositions de la loi n\u00b0 2004-575 du 21 juin 2004 pour la confiance en l\u2019\u00e9conomie num\u00e9rique, il est pr\u00e9cis\u00e9 aux utilisateurs du site <a href=\"http:\/\/www.septiemelame.fr\" data-type=\"link\" data-id=\"www.septiemelame.fr\">www.septiemelame.fr<\/a> l\u2019identit\u00e9 des diff\u00e9rents intervenants dans le cadre de sa r\u00e9alisation et de son suivi.&nbsp;<\/p>\n\n\n\n<h5 class=\"wp-block-heading\"><strong>Edition du site<\/strong><\/h5>\n\n\n\n<p>Le site <a href=\"http:\/\/www.septiemelame.fr\" data-type=\"link\" data-id=\"www.septiemelame.fr\">www.septiemelame.fr<\/a> est \u00e9dit\u00e9 par la soci\u00e9t\u00e9 Septi\u00e8me Lame Films, soci\u00e9t\u00e9 par actions simplifi\u00e9e au capital de 45 000 euros, dont le si\u00e8ge social est situ\u00e9 40 all\u00e9e Granados, Tour 7 La Murcie, 13008 Marseille, immatricul\u00e9e au Registre du Commerce et des Soci\u00e9t\u00e9s de Marseille sous le num\u00e9ro 98344145200015 et dont le num\u00e9ro TVA est FR13983441452.\u00a0<\/p>\n\n\n\n<h5 class=\"wp-block-heading\">Responsable de publication<\/h5>\n\n\n\n<p>Elise Tamisier<\/p>\n\n\n\n<h5 class=\"wp-block-heading\"><strong>Nous contacter<\/strong><\/h5>\n\n\n\n<ul class=\"wp-block-list\">\n<li>Par <a href=\"http:\/\/septiemelame.fr\/accueil\/contact\" data-type=\"page\" data-id=\"12\">formulaire<\/a><\/li>\n\n\n\n<li>Par t\u00e9l\u00e9phone\u202f: 06 70 19 27 72<\/li>\n<\/ul>\n\n\n\n<h5 class=\"wp-block-heading\"><strong>H\u00e9bergeur<\/strong><\/h5>\n\n\n\n<p>Le site <a href=\"http:\/\/www.septiemelame.fr\" data-type=\"link\" data-id=\"www.septiemelame.fr\">www.septiemelame.fr<\/a> est h\u00e9berg\u00e9 par la soci\u00e9t\u00e9<\/p>\n\n\n\n<blockquote class=\"wp-block-quote is-layout-flow wp-block-quote-is-layout-flow\">\n<p>IONOS SARL<\/p>\n\n\n\n<p>7, place de la Gare &#8211; BP 70109<\/p>\n\n\n\n<p>57201 SARREGUEMINES<\/p>\n<\/blockquote>\n","protected":false},"excerpt":{"rendered":"<p>Conform\u00e9ment aux dispositions de la loi n\u00b0 2004-575 du 21 juin 2004 pour la confiance en l\u2019\u00e9conomie num\u00e9rique, il est pr\u00e9cis\u00e9 aux utilisateurs du site www.septiemelame.fr l\u2019identit\u00e9 des diff\u00e9rents intervenants dans le cadre de sa r\u00e9alisation et de son suivi.&nbsp; Edition du site Le site www.septiemelame.fr est \u00e9dit\u00e9 par la soci\u00e9t\u00e9 Septi\u00e8me Lame Films, soci\u00e9t\u00e9 [&hellip;]<\/p>\n","protected":false},"author":1,"featured_media":0,"parent":0,"menu_order":0,"comment_status":"closed","ping_status":"closed","template":"","meta":{"_themeisle_gutenberg_block_has_review":false,"footnotes":""},"class_list":["post-126","page","type-page","status-publish","hentry","missing-thumbnail"],"_links":{"self":[{"href":"https:\/\/septiemelame.fr\/accueil\/wp-json\/wp\/v2\/pages\/126","targetHints":{"allow":["GET"]}}],"collection":[{"href":"https:\/\/septiemelame.fr\/accueil\/wp-json\/wp\/v2\/pages"}],"about":[{"href":"https:\/\/septiemelame.fr\/accueil\/wp-json\/wp\/v2\/types\/page"}],"author":[{"embeddable":true,"href":"https:\/\/septiemelame.fr\/accueil\/wp-json\/wp\/v2\/users\/1"}],"replies":[{"embeddable":true,"href":"https:\/\/septiemelame.fr\/accueil\/wp-json\/wp\/v2\/comments?post=126"}],"version-history":[{"count":4,"href":"https:\/\/septiemelame.fr\/accueil\/wp-json\/wp\/v2\/pages\/126\/revisions"}],"predecessor-version":[{"id":895,"href":"https:\/\/septiemelame.fr\/accueil\/wp-json\/wp\/v2\/pages\/126\/revisions\/895"}],"wp:attachment":[{"href":"https:\/\/septiemelame.fr\/accueil\/wp-json\/wp\/v2\/media?parent=126"}],"curies":[{"name":"wp","href":"https:\/\/api.w.org\/{rel}","templated":true}]}}